{"id":18,"date":"2018-03-06T01:10:57","date_gmt":"2018-03-06T04:10:57","guid":{"rendered":"https:\/\/siqu.com.uy\/web\/2018\/03\/06\/atencion-a-socios\/"},"modified":"2022-08-25T15:43:22","modified_gmt":"2022-08-25T18:43:22","slug":"atencion-a-socios","status":"publish","type":"page","link":"https:\/\/siqu.com.uy\/web\/atencion-a-socios\/","title":{"rendered":"Atenci\u00f3n a socios"},"content":{"rendered":"\t\t<div data-elementor-type=\"wp-page\" data-elementor-id=\"18\" class=\"elementor elementor-18\">\n\t\t\t\t\t\t\t\t\t<section class=\"elementor-section elementor-top-section elementor-element elementor-element-1abc834b elementor-section-boxed elementor-section-height-default elementor-section-height-default\" data-id=\"1abc834b\" data-element_type=\"section\" data-settings=\"{&quot;ekit_has_onepagescroll_dot&quot;:&quot;yes&quot;}\">\n\t\t\t\t\t\t<div class=\"elementor-container elementor-column-gap-default\">\n\t\t\t\t\t<div class=\"elementor-column elementor-col-100 elementor-top-column elementor-element elementor-element-6ad7530\" data-id=\"6ad7530\" data-element_type=\"column\">\n\t\t\t<div class=\"elementor-widget-wrap elementor-element-populated\">\n\t\t\t\t\t\t\t\t<div class=\"elementor-element elementor-element-79c8d72d elementor-widget elementor-widget-text-editor\" data-id=\"79c8d72d\" data-element_type=\"widget\" data-settings=\"{&quot;ekit_we_effect_on&quot;:&quot;none&quot;}\" data-widget_type=\"text-editor.default\">\n\t\t\t\t<div class=\"elementor-widget-container\">\n\t\t\t<style>\/*! elementor - v3.7.7 - 20-09-2022 *\/\n.elementor-widget-text-editor.elementor-drop-cap-view-stacked .elementor-drop-cap{background-color:#818a91;color:#fff}.elementor-widget-text-editor.elementor-drop-cap-view-framed .elementor-drop-cap{color:#818a91;border:3px solid;background-color:transparent}.elementor-widget-text-editor:not(.elementor-drop-cap-view-default) .elementor-drop-cap{margin-top:8px}.elementor-widget-text-editor:not(.elementor-drop-cap-view-default) .elementor-drop-cap-letter{width:1em;height:1em}.elementor-widget-text-editor .elementor-drop-cap{float:left;text-align:center;line-height:1;font-size:50px}.elementor-widget-text-editor .elementor-drop-cap-letter{display:inline-block}<\/style>\t\t\t\t<h3>Cont\u00e1ctenos<\/h3>\r\n<p>Soiedad de Instrumentistas Quir\u00fargicos del Uruguay<\/p>\r\n<p>Eduardo Victor Haedo 2288, 2\u00ba piso apto. 204<\/p>\r\n<p>Tel. 24068972<\/p>\r\n<p><strong>Horario de ATENCI\u00d3N: debido a la situaci\u00f3n sanitaria, se agendar\u00e1n las consultas por el correo electr\u00f3nico y se asignar\u00e1 un d\u00eda y horario.<\/strong><\/p>\r\n<p>Email: <a href=\"mailto:siqusecretaria@gmail.com\">siqusecretaria@gmail.com<\/a><\/p>\r\n<h3>Asesor\u00eda legal<\/h3>\r\n<p>La SIQU cuenta con Asesor\u00eda Legal, la atenci\u00f3n es en nuestra Sede Social, Eduardo Victor Haedo 2288, 2\u00ba piso apto. 204, para contar con dicha asesor\u00eda tiene que agendarse por&nbsp;el correo siqusecretaria@gmail.com<\/p>\t\t\t\t\t\t<\/div>\n\t\t\t\t<\/div>\n\t\t\t\t\t<\/div>\n\t\t<\/div>\n\t\t\t\t\t\t\t<\/div>\n\t\t<\/section>\n\t\t\t\t\t\t\t<\/div>\n\t\t","protected":false},"excerpt":{"rendered":"<p>Cont\u00e1ctenos Soiedad de Instrumentistas Quir\u00fargicos del Uruguay Eduardo Victor Haedo 2288, 2\u00ba piso apto. 204 Tel. 24068972 Horario de ATENCI\u00d3N: debido a la situaci\u00f3n sanitaria, se agendar\u00e1n las consultas por el correo electr\u00f3nico y se asignar\u00e1 un d\u00eda y horario. Email: siqusecretaria@gmail.com Asesor\u00eda legal La SIQU cuenta con Asesor\u00eda Legal, la atenci\u00f3n es en nuestra [&hellip;]<\/p>\n","protected":false},"author":1,"featured_media":0,"parent":0,"menu_order":0,"comment_status":"open","ping_status":"closed","template":"elementor_header_footer","meta":{"footnotes":""},"class_list":["post-18","page","type-page","status-publish","hentry"],"_links":{"self":[{"href":"https:\/\/siqu.com.uy\/web\/wp-json\/wp\/v2\/pages\/18","targetHints":{"allow":["GET"]}}],"collection":[{"href":"https:\/\/siqu.com.uy\/web\/wp-json\/wp\/v2\/pages"}],"about":[{"href":"https:\/\/siqu.com.uy\/web\/wp-json\/wp\/v2\/types\/page"}],"author":[{"embeddable":true,"href":"https:\/\/siqu.com.uy\/web\/wp-json\/wp\/v2\/users\/1"}],"replies":[{"embeddable":true,"href":"https:\/\/siqu.com.uy\/web\/wp-json\/wp\/v2\/comments?post=18"}],"version-history":[{"count":4,"href":"https:\/\/siqu.com.uy\/web\/wp-json\/wp\/v2\/pages\/18\/revisions"}],"predecessor-version":[{"id":332,"href":"https:\/\/siqu.com.uy\/web\/wp-json\/wp\/v2\/pages\/18\/revisions\/332"}],"wp:attachment":[{"href":"https:\/\/siqu.com.uy\/web\/wp-json\/wp\/v2\/media?parent=18"}],"curies":[{"name":"wp","href":"https:\/\/api.w.org\/{rel}","templated":true}]}}